{"id":51,"date":"2024-10-08T23:05:09","date_gmt":"2024-10-08T21:05:09","guid":{"rendered":"https:\/\/thyme.studio\/privacy-policy\/"},"modified":"2024-10-29T10:27:59","modified_gmt":"2024-10-29T09:27:59","slug":"datenschutz","status":"publish","type":"page","link":"https:\/\/thyme.studio\/de\/datenschutz\/","title":{"rendered":"Datenschutz"},"content":{"rendered":"<div class=\"cols\">\n<div>\n<h2>1\u00a0Verantwortlicher im Sinne der Datenschutzgesetzte, insbesondere der eU-Datenschutzgrundverordnung (DSGVO), ist:<\/h2>\n<p><strong>thyme Studio<\/strong><br \/>\nVertreten durch Dirk Friedrich<\/p>\n<p>Gartenstra\u00dfe 111,<br \/>\n41363 J\u00fcchen<\/p>\n<p><a class=\"obfuscate-email\" href=\"mailto:info\u2026thyme\u2026studio\">info\u2026thyme\u2026studio<\/a><\/p>\n<\/div>\n<div>\n<h2>2\u00a0Ihre Betroffenenrechte<\/h2>\n<p>Unter unseren oben angegebenen Kontaktdaten k\u00f6nnen Sie jederzeit folgende Rechte aus\u00fcben:<\/p>\n<p>Auskunft \u00fcber Ihre bei uns gespeicherten Daten und deren Verarbeitung (Art. 15 DSGVO),<br \/>\nBerichtigung unrichtiger personenbezogener Daten (Art. 16 DSGVO),<br \/>\nL\u00f6schung Ihrer bei uns gespeicherten Daten (Art. 17 DSGVO),<br \/>\nEinschr\u00e4nkung der Datenverarbeitung, sofern wir Ihre Daten aufgrund gesetzlicher Pflichten noch nicht l\u00f6schen d\u00fcrfen (Art. 18 DSGVO),<br \/>\nWiderspruch gegen die Verarbeitung Ihrer Daten bei uns (Art. 21 DSGVO) und<br \/>\nDaten\u00fcbertragbarkeit, sofern Sie in die Datenverarbeitung eingewilligt haben oder einen Vertrag mit uns abgeschlossen haben (Art. 20 DSGVO).<\/p>\n<p>Sofern Sie uns eine Einwilligung erteilt haben, k\u00f6nnen Sie diese jederzeit mit Wirkung f\u00fcr die Zukunft widerrufen.<\/p>\n<p>Sie k\u00f6nnen sich jederzeit mit einer Beschwerde an eine Aufsichtsbeh\u00f6rde wenden, z. B. an die zust\u00e4ndige Aufsichtsbeh\u00f6rde des Bundeslands Ihres Wohnsitzes oder an die f\u00fcr uns als verantwortliche Stelle zust\u00e4ndige Beh\u00f6rde.<\/p>\n<p>Eine Liste der Aufsichtsbeh\u00f6rden (f\u00fcr den nicht\u00f6ffentlichen Bereich) mit Anschrift finden Sie unter:\u00a0<a href=\"https:\/\/www.bfdi.bund.de\/DE\/Infothek\/Anschriften_Links\/anschriften_links-node.html\" target=\"_blank\" rel=\"noopener\">https:\/\/www.bfdi.bund.de\/DE\/Infothek\/Anschriften_Links\/anschriften_links-node.html<\/a>.<\/p>\n<\/div>\n<div>\n<h2>3\u00a0Einzelne Verarbeitungen<\/h2>\n<h3>3.1\u00a0Erfassung allgemeiner Informationen beim Besuch unserer Webseite<\/h3>\n<h4>3.1.1\u00a0Art und Zweck der Verarbeitung<\/h4>\n<p>Wenn Sie auf unsere Website zugreifen, d.h., wenn Sie sich nicht registrieren oder anderweitig Informationen \u00fcbermitteln, werden automatisch Informationen allgemeiner Natur erfasst. Diese Informationen (Server-Logfiles) beinhalten etwa die Art des Webbrowsers, das verwendete Betriebssystem, den Domainnamen Ihres Internet-Service-Providers, Ihre IP-Adresse und \u00e4hnliches. Sie werden insbesondere zu folgenden Zwecken verarbeitet:<\/p>\n<p>Sicherstellung eines problemlosen Verbindungsaufbaus der Website,<br \/>\nSicherstellung einer reibungslosen Nutzung unserer Website,<br \/>\nAuswertung der Systemsicherheit und -stabilit\u00e4t sowie<br \/>\nzu weiteren administrativen Zwecken.<\/p>\n<p>Wir verwenden Ihre Daten nicht, um R\u00fcckschl\u00fcsse auf Ihre Person zu ziehen. Informationen dieser Art werden von uns ggfs. statistisch ausgewertet, um unseren Internetauftritt und die dahinterstehende Technik zu optimieren.<\/p>\n<\/div>\n<div>\n<h4>3.1.2\u00a0Rechtsgrundlage<\/h4>\n<p>Die Verarbeitung erfolgt gem\u00e4\u00df Art. 6 Abs. 1 lit. f DSGVO auf Basis unseres berechtigten Interesses an der Verbesserung der Stabilit\u00e4t und Funktionalit\u00e4t unserer Website.<\/p>\n<\/div>\n<div>\n<h4>3.1.3\u00a0Empf\u00e4nger<\/h4>\n<p>Empf\u00e4nger der Daten sind technische Dienstleister, die f\u00fcr den Betrieb und die Wartung unserer Webseite als Auftragsverarbeiter t\u00e4tig werden. Im Einzelnen nutzen wir als Hostprovider die Firma webgo GmbH, Wandsbeker Zollstr. 95, 22041 Hamburg. Diese setzt als weitere Unterauftragnehmer die \u00a0First Colo GmbH, Hanauer Landstra\u00dfe 291b, 60314 Frankfurt am Main, Deutschland und die CenturyLink Communications Europe Limited,\u00a010 Fleet Place, London, EC4M 7RB, Gro\u00dfbritannien (Standort Hamburg, die Daten bleiben physikalisch in Deutschland) als Rechenzentren und Mesos, Inh. Ralf Dreibrodt, Olpener Str. 143, 51103 K\u00f6ln, Deutschland als externen Linuxsystemadministrator ein.<\/p>\n<\/div>\n<div>\n<h4>3.1.4\u00a0Speicherdauer<\/h4>\n<p>Die Daten werden gel\u00f6scht, sobald diese f\u00fcr den Zweck der Erhebung nicht mehr erforderlich sind. Dies ist f\u00fcr die Daten, die der Bereitstellung der Webseite dienen, grunds\u00e4tzlich der Fall, wenn die jeweilige Sitzung beendet ist.<\/p>\n<\/div>\n<div>\n<h4>3.1.5\u00a0Bereitstellung vorgeschrieben oder erforderlich<\/h4>\n<p>Die Bereitstellung der vorgenannten personenbezogenen Daten ist weder gesetzlich noch vertraglich vorgeschrieben. Ohne die IP-Adresse ist jedoch der Dienst und die Funktionsf\u00e4higkeit unserer Website nicht gew\u00e4hrleistet. Zudem k\u00f6nnen einzelne Dienste und Services nicht verf\u00fcgbar oder eingeschr\u00e4nkt sein. Aus diesem Grund ist ein Widerspruch ausgeschlossen.<\/p>\n<\/div>\n<div>\n<h3>3.2\u00a0Kontaktformular<\/h3>\n<h4>3.2.1\u00a0Art und Zweck der Verarbeitung<\/h4>\n<p>Die von Ihnen eingegebenen Daten werden zum Zweck der individuellen Kommunikation mit Ihnen gespeichert. Hierf\u00fcr ist die Angabe einer validen<\/p>\n<p>E-Mail-Adresse sowie Ihres Namens erforderlich. Diese dient der Zuordnung der Anfrage und der anschlie\u00dfenden Beantwortung derselben. Die Angabe weiterer Daten ist optional.<\/p>\n<\/div>\n<div>\n<h4>3.2.2\u00a0Rechtsgrundlage<\/h4>\n<p>Die Verarbeitung der in das Kontaktformular eingegebenen Daten erfolgt auf der Grundlage eines berechtigten Interesses (Art. 6 Abs. 1 lit. f DSGVO).<\/p>\n<p>Durch Bereitstellung des Kontaktformulars m\u00f6chten wir Ihnen eine unkomplizierte Kontaktaufnahme erm\u00f6glichen. Ihre gemachten Angaben werden zum Zwecke der Bearbeitung der Anfrage sowie f\u00fcr m\u00f6gliche Anschlussfragen gespeichert.<\/p>\n<p>Sofern Sie mit uns Kontakt aufnehmen, um ein Angebot zu erfragen, erfolgt die Verarbeitung der in das Kontaktformular eingegebenen Daten zur Durchf\u00fchrung vorvertraglicher Ma\u00dfnahmen (Art. 6 Abs. 1 lit. b DSGVO).<\/p>\n<\/div>\n<div>\n<h4>3.2.3\u00a0Empf\u00e4nger<\/h4>\n<p>Empf\u00e4nger der Daten sind technische Dienstleister, die f\u00fcr den Betrieb und die Wartung unserer Webseite als Auftragsverarbeiter t\u00e4tig werden. Dies sind die unter Ziff. 3.1.3 genannten Unternehmen.<\/p>\n<\/div>\n<div>\n<h4>3.2.4\u00a0Speicherdauer<\/h4>\n<p>Daten werden sp\u00e4testens 6 Monate nach Bearbeitung der Anfrage gel\u00f6scht. Sofern es zu einem Vertragsverh\u00e4ltnis kommt, unterliegen wir den gesetzlichen Aufbewahrungsfristen nach HGB und l\u00f6schen Ihre Daten nach Ablauf dieser Fristen.<\/p>\n<\/div>\n<div>\n<h4>3.2.5\u00a0Bereitstellung vorgeschrieben oder erforderlich<\/h4>\n<p>Die Bereitstellung Ihrer personenbezogenen Daten erfolgt freiwillig. Wir k\u00f6nnen Ihre Anfrage jedoch nur bearbeiten, sofern Sie uns Ihren Namen, Ihre E-Mail-Adresse und den Grund der Anfrage mitteilen.<\/p>\n<\/div>\n<div>\n<h3>3.3\u00a0Verwendung von Google Analytics<\/h3>\n<h4>3.3.1\u00a0Art und Zweck der Verarbeitung<\/h4>\n<p>Diese Website benutzt Google Analytics, einen Webanalysedienst der Google LLC, 1600 Amphitheatre Parkway, Mountain View, CA 94043 USA (nachfolgend: \u201eGoogle\u201c). Google Analytics bzw. wir verwenden im Zusammenhang mit Google Analytics sog. \u201eCookies\u201c, also Textdateien, die auf Ihrem Computer gespeichert werden und die eine Analyse der Benutzung der Webseite durch Sie erm\u00f6glichen.<\/p>\n<p>Die Cookies sind im Einzelnen:<\/p>\n<table>\n<thead>\n<tr>\n<td>Cookie<\/td>\n<td>Zweck<\/td>\n<td>Speicherdauer<\/td>\n<\/tr>\n<\/thead>\n<tbody>\n<tr>\n<td>_ga<\/td>\n<td>Wird von Google mit einer zuf\u00e4lligen ID genutzt, um wiederkehrende Nutzer unserer Seite zu unterscheiden und die Daten mit fr\u00fcheren Besuchen zusammenzuf\u00fchren.<\/td>\n<td>2 Jahre<\/td>\n<\/tr>\n<tr>\n<td>_ga_YP2WW7LPHJ<\/td>\n<td>Wird durch Google verwendet, um die Anforderungsrate zu drosseln. Wenn Google Analytics \u00fcber Google Tag Manager bereitgestellt wird, wird dieses Cookie benannt<\/td>\n<td>1 Minute<\/td>\n<\/tr>\n<tr>\n<td>_gid<\/td>\n<td>Wird von Google mit einer zuf\u00e4lligen ID genutzt, um wiederkehrende Nutzer unserer Seite zu unterscheiden und die Daten mit fr\u00fcheren Besuchen zusammenzuf\u00fchren.<\/td>\n<td>24 Stunden<\/td>\n<\/tr>\n<tr>\n<td>cookie_notice_accepted<\/td>\n<td>Wir speichern mit diesem Cookie, ob der Besucher den eine Einwilligung in den Cookie-Hinweis im Cookie-Banner erteilt hat.<\/td>\n<td>Ein Monat<\/td>\n<\/tr>\n<\/tbody>\n<\/table>\n<p>Die durch das Cookie erzeugten Informationen \u00fcber Ihre Benutzung dieser Webseite werden in der Regel an einen Server von Google in den USA \u00fcbertragen und dort gespeichert. Aufgrund der Aktivierung der IP-Anonymisierung auf diesen Webseiten, wird Ihre IP-Adresse von Google jedoch innerhalb von Mitgliedstaaten der Europ\u00e4ischen Union oder in anderen Vertragsstaaten des Abkommens \u00fcber den Europ\u00e4ischen Wirtschaftsraum zuvor gek\u00fcrzt. Nur in Ausnahmef\u00e4llen wird die volle IP-Adresse an einen Server von Google in den USA \u00fcbertragen und dort gek\u00fcrzt. Im Auftrag des Betreibers dieser Website wird Google diese Informationen benutzen, um Ihre Nutzung der Webseite auszuwerten, um Reports \u00fcber die Webseitenaktivit\u00e4ten zusammenzustellen und um weitere mit der Websitenutzung und der Internetnutzung verbundene Dienstleistungen gegen\u00fcber dem Webseitenbetreiber zu erbringen. Die im Rahmen von Google Analytics von Ihrem Browser \u00fcbermittelte IP-Adresse wird nicht mit anderen Daten von Google zusammengef\u00fchrt.<\/p>\n<p>Die Zwecke der Datenverarbeitung liegen in der Auswertung der Nutzung der Website und in der Zusammenstellung von Reports \u00fcber Aktivit\u00e4ten auf der Website. Auf Grundlage der Nutzung der Website und des Internets sollen dann weitere verbundene Dienstleistungen erbracht werden.<\/p>\n<\/div>\n<div>\n<h4>3.3.2\u00a0Rechtsgrundlage<\/h4>\n<p>Die Verarbeitung der Daten erfolgt auf Grundlage einer Einwilligung des Nutzers (Art. 6 Abs. 1 lit. a DSGVO).<\/p>\n<\/div>\n<div>\n<h4>3.3.3\u00a0Empf\u00e4nger<\/h4>\n<p>Empf\u00e4nger der Daten ist Google als Auftragsverarbeiter. Hierf\u00fcr haben wir mit Google den entsprechenden Auftragsverarbeitungsvertrag abgeschlossen.<\/p>\n<\/div>\n<div>\n<h4>3.3.4\u00a0Speicherdauer<\/h4>\n<p>Die L\u00f6schung der Daten erfolgt, sobald diese f\u00fcr unsere Aufzeichnungszwecke nicht mehr erforderlich sind.<\/p>\n<\/div>\n<div>\n<h4>3.3.5\u00a0Drittlandstransfer<\/h4>\n<p>Google verarbeitet Ihre Daten in den USA und hat sich dem EU_US Privacy Shield unterworfen\u00a0<a href=\"https:\/\/www.privacyshield.gov\/EU-US-Framework\" target=\"_blank\" rel=\"noopener\">https:\/\/www.privacyshield.gov\/EU-US-Framework<\/a>.<\/p>\n<\/div>\n<div>\n<h4>3.3.6\u00a0Bereitstellung vorgeschrieben und erforderlich<\/h4>\n<p>Die Bereitstellung Ihrer personenbezogenen Daten erfolgt freiwillig, allein auf Basis Ihrer Einwilligung. Sofern Sie den Zugriff unterbinden, kann es hierdurch zu Funktionseinschr\u00e4nkungen auf der Website kommen.<\/p>\n<\/div>\n<div>\n<h4>3.3.7\u00a0Widerruf der Einwilligung<\/h4>\n<p>Sie k\u00f6nnen die Speicherung der Cookies durch eine entsprechende Einstellung Ihrer Browser-Software verhindern; wir weisen Sie jedoch darauf hin, dass Sie in diesem Fall gegebenenfalls nicht s\u00e4mtliche Funktionen dieser Website vollumf\u00e4nglich werden nutzen k\u00f6nnen. Sie k\u00f6nnen dar\u00fcber hinaus die Erfassung der durch das<\/p>\n<p>Cookie erzeugten und auf Ihre Nutzung der Webseite bezogenen Daten (inkl. Ihrer IP-Adresse) an Google sowie die Verarbeitung dieser Daten durch Google verhindern, indem sie das unter dem folgenden Link verf\u00fcgbare Browser-Plugin herunterladen und installieren: Browser Add On zur Deaktivierung von Google Analytics.<\/p>\n<p>Zus\u00e4tzlich oder als Alternative zum Browser-Add-On k\u00f6nnen Sie das Tracking durch Google Analytics auf unseren Seiten unterbinden, indem Sie diesen Link anklicken. Dabei wird ein Opt-out-Cookie auf Ihrem Ger\u00e4t installiert. Damit wird die Erfassung durch Google Analytics f\u00fcr diese Website und f\u00fcr diesen Browser zuk\u00fcnftig verhindert, so lange das Cookie in Ihrem Browser installiert bleibt.<\/p>\n<\/div>\n<div>\n<h4>3.3.8\u00a0Profiling<\/h4>\n<p>Mit Hilfe des Tracking-Tools Google Analytics kann das Verhalten der Besucher der Webseite bewertet und die Interessen analysiert werden. Hierzu erstellen wir ein pseudonymes Nutzerprofil.<\/p>\n<\/div>\n<div>\n<h2>4\u00a0SSL-Verschl\u00fcsselung<\/h2>\n<p>Um die Sicherheit Ihrer Daten bei der \u00dcbertragung zu sch\u00fctzen, verwenden wir dem aktuellen Stand der Technik entsprechende Verschl\u00fcsselungsverfahren (z. B. SSL) \u00fcber HTTPS.<\/p>\n<\/div>\n<div>\n<h2>5\u00a0\u00c4nderung unserer Datenschutzbestimmungen<\/h2>\n<p>Wir behalten uns vor, diese Datenschutzerkl\u00e4rung anzupassen, damit sie stets den aktuellen rechtlichen Anforderungen entspricht oder um \u00c4nderungen unserer Leistungen in der Datenschutzerkl\u00e4rung umzusetzen, z.B. bei der Einf\u00fchrung neuer Services. F\u00fcr Ihren erneuten Besuch gilt dann die neue Datenschutzerkl\u00e4rung.<\/p>\n<\/div>\n<div>(Version #2024-10-01)<\/div>\n<\/div>\n","protected":false},"excerpt":{"rendered":"<p>1\u00a0Verantwortlicher im Sinne der Datenschutzgesetzte, insbesondere der eU-Datenschutzgrundverordnung (DSGVO), ist: thyme Studio Vertreten durch Dirk Friedrich Gartenstra\u00dfe 111, 41363 J\u00fcchen info\u2026thyme\u2026studio 2\u00a0Ihre Betroffenenrechte Unter unseren oben angegebenen Kontaktdaten k\u00f6nnen Sie jederzeit folgende Rechte aus\u00fcben: Auskunft \u00fcber Ihre bei uns gespeicherten Daten und deren Verarbeitung (Art. 15 DSGVO), Berichtigung unrichtiger personenbezogener Daten (Art. 16 DSGVO), L\u00f6schung [&hellip;]<\/p>\n","protected":false},"author":1,"featured_media":0,"parent":0,"menu_order":910,"comment_status":"closed","ping_status":"closed","template":"templates\/imprint.php","meta":{"_acf_changed":false,"footnotes":""},"class_list":["post-51","page","type-page","status-publish","hentry"],"yoast_head":"<!-- This site is optimized with the Yoast SEO plugin v27.4 - https:\/\/yoast.com\/product\/yoast-seo-wordpress\/ -->\n<title>Datenschutz - thyme Studio<\/title>\n<meta name=\"robots\" content=\"noindex, nofollow\" \/>\n<meta property=\"og:locale\" content=\"de_DE\" \/>\n<meta property=\"og:type\" content=\"article\" \/>\n<meta property=\"og:title\" content=\"Datenschutz - thyme Studio\" \/>\n<meta property=\"og:description\" content=\"1\u00a0Verantwortlicher im Sinne der Datenschutzgesetzte, insbesondere der eU-Datenschutzgrundverordnung (DSGVO), ist: thyme Studio Vertreten durch Dirk Friedrich Gartenstra\u00dfe 111, 41363 J\u00fcchen info\u2026thyme\u2026studio 2\u00a0Ihre Betroffenenrechte Unter unseren oben angegebenen Kontaktdaten k\u00f6nnen Sie jederzeit folgende Rechte aus\u00fcben: Auskunft \u00fcber Ihre bei uns gespeicherten Daten und deren Verarbeitung (Art. 15 DSGVO), Berichtigung unrichtiger personenbezogener Daten (Art. 16 DSGVO), L\u00f6schung [&hellip;]\" \/>\n<meta property=\"og:url\" content=\"https:\/\/thyme.studio\/de\/datenschutz\/\" \/>\n<meta property=\"og:site_name\" content=\"thyme Studio\" \/>\n<meta property=\"article:modified_time\" content=\"2024-10-29T09:27:59+00:00\" \/>\n<meta name=\"twitter:card\" content=\"summary_large_image\" \/>\n<meta name=\"twitter:label1\" content=\"Gesch\u00e4tzte Lesezeit\" \/>\n\t<meta name=\"twitter:data1\" content=\"7\u00a0Minuten\" \/>\n<script type=\"application\/ld+json\" class=\"yoast-schema-graph\">{\"@context\":\"https:\\\/\\\/schema.org\",\"@graph\":[{\"@type\":\"WebPage\",\"@id\":\"https:\\\/\\\/thyme.studio\\\/de\\\/datenschutz\\\/\",\"url\":\"https:\\\/\\\/thyme.studio\\\/de\\\/datenschutz\\\/\",\"name\":\"Datenschutz - thyme Studio\",\"isPartOf\":{\"@id\":\"https:\\\/\\\/thyme.studio\\\/de\\\/#website\"},\"datePublished\":\"2024-10-08T21:05:09+00:00\",\"dateModified\":\"2024-10-29T09:27:59+00:00\",\"breadcrumb\":{\"@id\":\"https:\\\/\\\/thyme.studio\\\/de\\\/datenschutz\\\/#breadcrumb\"},\"inLanguage\":\"de\",\"potentialAction\":[{\"@type\":\"ReadAction\",\"target\":[\"https:\\\/\\\/thyme.studio\\\/de\\\/datenschutz\\\/\"]}]},{\"@type\":\"BreadcrumbList\",\"@id\":\"https:\\\/\\\/thyme.studio\\\/de\\\/datenschutz\\\/#breadcrumb\",\"itemListElement\":[{\"@type\":\"ListItem\",\"position\":1,\"name\":\"Home\",\"item\":\"https:\\\/\\\/thyme.studio\\\/de\\\/\"},{\"@type\":\"ListItem\",\"position\":2,\"name\":\"Datenschutz\"}]},{\"@type\":\"WebSite\",\"@id\":\"https:\\\/\\\/thyme.studio\\\/de\\\/#website\",\"url\":\"https:\\\/\\\/thyme.studio\\\/de\\\/\",\"name\":\"thyme Studio\",\"description\":\"\",\"publisher\":{\"@id\":\"https:\\\/\\\/thyme.studio\\\/de\\\/#\\\/schema\\\/person\\\/1d9754038389e318d2a39eacf1afa379\"},\"potentialAction\":[{\"@type\":\"SearchAction\",\"target\":{\"@type\":\"EntryPoint\",\"urlTemplate\":\"https:\\\/\\\/thyme.studio\\\/de\\\/?s={search_term_string}\"},\"query-input\":{\"@type\":\"PropertyValueSpecification\",\"valueRequired\":true,\"valueName\":\"search_term_string\"}}],\"inLanguage\":\"de\"},{\"@type\":[\"Person\",\"Organization\"],\"@id\":\"https:\\\/\\\/thyme.studio\\\/de\\\/#\\\/schema\\\/person\\\/1d9754038389e318d2a39eacf1afa379\",\"name\":\"thyme.studio\",\"image\":{\"@type\":\"ImageObject\",\"inLanguage\":\"de\",\"@id\":\"https:\\\/\\\/thyme.studio\\\/wp-content\\\/uploads\\\/2024\\\/10\\\/favicon_s.jpg\",\"url\":\"https:\\\/\\\/thyme.studio\\\/wp-content\\\/uploads\\\/2024\\\/10\\\/favicon_s.jpg\",\"contentUrl\":\"https:\\\/\\\/thyme.studio\\\/wp-content\\\/uploads\\\/2024\\\/10\\\/favicon_s.jpg\",\"width\":512,\"height\":512,\"caption\":\"thyme.studio\"},\"logo\":{\"@id\":\"https:\\\/\\\/thyme.studio\\\/wp-content\\\/uploads\\\/2024\\\/10\\\/favicon_s.jpg\"},\"sameAs\":[\"https:\\\/\\\/thyme.studio\\\/\"]}]}<\/script>\n<!-- \/ Yoast SEO plugin. -->","yoast_head_json":{"title":"Datenschutz - thyme Studio","robots":{"index":"noindex","follow":"nofollow"},"og_locale":"de_DE","og_type":"article","og_title":"Datenschutz - thyme Studio","og_description":"1\u00a0Verantwortlicher im Sinne der Datenschutzgesetzte, insbesondere der eU-Datenschutzgrundverordnung (DSGVO), ist: thyme Studio Vertreten durch Dirk Friedrich Gartenstra\u00dfe 111, 41363 J\u00fcchen info\u2026thyme\u2026studio 2\u00a0Ihre Betroffenenrechte Unter unseren oben angegebenen Kontaktdaten k\u00f6nnen Sie jederzeit folgende Rechte aus\u00fcben: Auskunft \u00fcber Ihre bei uns gespeicherten Daten und deren Verarbeitung (Art. 15 DSGVO), Berichtigung unrichtiger personenbezogener Daten (Art. 16 DSGVO), L\u00f6schung [&hellip;]","og_url":"https:\/\/thyme.studio\/de\/datenschutz\/","og_site_name":"thyme Studio","article_modified_time":"2024-10-29T09:27:59+00:00","twitter_card":"summary_large_image","twitter_misc":{"Gesch\u00e4tzte Lesezeit":"7\u00a0Minuten"},"schema":{"@context":"https:\/\/schema.org","@graph":[{"@type":"WebPage","@id":"https:\/\/thyme.studio\/de\/datenschutz\/","url":"https:\/\/thyme.studio\/de\/datenschutz\/","name":"Datenschutz - thyme Studio","isPartOf":{"@id":"https:\/\/thyme.studio\/de\/#website"},"datePublished":"2024-10-08T21:05:09+00:00","dateModified":"2024-10-29T09:27:59+00:00","breadcrumb":{"@id":"https:\/\/thyme.studio\/de\/datenschutz\/#breadcrumb"},"inLanguage":"de","potentialAction":[{"@type":"ReadAction","target":["https:\/\/thyme.studio\/de\/datenschutz\/"]}]},{"@type":"BreadcrumbList","@id":"https:\/\/thyme.studio\/de\/datenschutz\/#breadcrumb","itemListElement":[{"@type":"ListItem","position":1,"name":"Home","item":"https:\/\/thyme.studio\/de\/"},{"@type":"ListItem","position":2,"name":"Datenschutz"}]},{"@type":"WebSite","@id":"https:\/\/thyme.studio\/de\/#website","url":"https:\/\/thyme.studio\/de\/","name":"thyme Studio","description":"","publisher":{"@id":"https:\/\/thyme.studio\/de\/#\/schema\/person\/1d9754038389e318d2a39eacf1afa379"},"potentialAction":[{"@type":"SearchAction","target":{"@type":"EntryPoint","urlTemplate":"https:\/\/thyme.studio\/de\/?s={search_term_string}"},"query-input":{"@type":"PropertyValueSpecification","valueRequired":true,"valueName":"search_term_string"}}],"inLanguage":"de"},{"@type":["Person","Organization"],"@id":"https:\/\/thyme.studio\/de\/#\/schema\/person\/1d9754038389e318d2a39eacf1afa379","name":"thyme.studio","image":{"@type":"ImageObject","inLanguage":"de","@id":"https:\/\/thyme.studio\/wp-content\/uploads\/2024\/10\/favicon_s.jpg","url":"https:\/\/thyme.studio\/wp-content\/uploads\/2024\/10\/favicon_s.jpg","contentUrl":"https:\/\/thyme.studio\/wp-content\/uploads\/2024\/10\/favicon_s.jpg","width":512,"height":512,"caption":"thyme.studio"},"logo":{"@id":"https:\/\/thyme.studio\/wp-content\/uploads\/2024\/10\/favicon_s.jpg"},"sameAs":["https:\/\/thyme.studio\/"]}]}},"acf":[],"_links":{"self":[{"href":"https:\/\/thyme.studio\/de\/wp-json\/wp\/v2\/pages\/51","targetHints":{"allow":["GET"]}}],"collection":[{"href":"https:\/\/thyme.studio\/de\/wp-json\/wp\/v2\/pages"}],"about":[{"href":"https:\/\/thyme.studio\/de\/wp-json\/wp\/v2\/types\/page"}],"author":[{"embeddable":true,"href":"https:\/\/thyme.studio\/de\/wp-json\/wp\/v2\/users\/1"}],"replies":[{"embeddable":true,"href":"https:\/\/thyme.studio\/de\/wp-json\/wp\/v2\/comments?post=51"}],"version-history":[{"count":5,"href":"https:\/\/thyme.studio\/de\/wp-json\/wp\/v2\/pages\/51\/revisions"}],"predecessor-version":[{"id":103,"href":"https:\/\/thyme.studio\/de\/wp-json\/wp\/v2\/pages\/51\/revisions\/103"}],"wp:attachment":[{"href":"https:\/\/thyme.studio\/de\/wp-json\/wp\/v2\/media?parent=51"}],"curies":[{"name":"wp","href":"https:\/\/api.w.org\/{rel}","templated":true}]}}