{"id":49,"date":"2024-10-08T23:05:09","date_gmt":"2024-10-08T21:05:09","guid":{"rendered":"https:\/\/thyme.studio\/impressum\/"},"modified":"2024-10-29T10:27:51","modified_gmt":"2024-10-29T09:27:51","slug":"impressum","status":"publish","type":"page","link":"https:\/\/thyme.studio\/de\/impressum\/","title":{"rendered":"Impressum"},"content":{"rendered":"<div class=\"paragraph\">\n<h3 class=\"title\">Betreiber dieser Webseite<\/h3>\n<div class=\"content\">\n<p><strong>thyme Studio<\/strong><br \/>\nVertreten durch Dirk Friedrich<\/p>\n<p>Gartenstra\u00dfe 111,<br \/>\n41363 J\u00fcchen<br \/>\n<a href=\"mailto:info...thyme...studio\" class=\"obfuscate-email\">info&#8230;thyme&#8230;studio<\/a><\/p>\n<p>USt.-Nr.: beantragt<\/p>\n<\/div>\n<\/div>\n<div class=\"paragraph\">\n<h3 class=\"title\">Berufshaftpflichtversicherung<\/h3>\n<div class=\"content\">\n<p><strong>Hiscox SA<\/strong><br \/>\nNiederlassung f\u00fcr Deutschland<br \/>\nArnulfstra\u00dfe 31,<br \/>\n80636 M\u00fcnchen<\/p>\n<p>Es besteht ein weltweiter Versicherungsschutz.<\/p>\n<\/div>\n<\/div>\n","protected":false},"excerpt":{"rendered":"<p>Betreiber dieser Webseite thyme Studio Vertreten durch Dirk Friedrich Gartenstra\u00dfe 111, 41363 J\u00fcchen info&#8230;thyme&#8230;studio USt.-Nr.: beantragt Berufshaftpflichtversicherung Hiscox SA Niederlassung f\u00fcr Deutschland Arnulfstra\u00dfe 31, 80636 M\u00fcnchen Es besteht ein weltweiter Versicherungsschutz.<\/p>\n","protected":false},"author":1,"featured_media":0,"parent":0,"menu_order":920,"comment_status":"closed","ping_status":"closed","template":"templates\/imprint.php","meta":{"_acf_changed":false,"footnotes":""},"class_list":["post-49","page","type-page","status-publish","hentry"],"yoast_head":"<!-- This site is optimized with the Yoast SEO plugin v27.4 - https:\/\/yoast.com\/product\/yoast-seo-wordpress\/ -->\n<title>Impressum - thyme Studio<\/title>\n<meta name=\"robots\" content=\"noindex, nofollow\" \/>\n<meta property=\"og:locale\" content=\"de_DE\" \/>\n<meta property=\"og:type\" content=\"article\" \/>\n<meta property=\"og:title\" content=\"Impressum - thyme Studio\" \/>\n<meta property=\"og:description\" content=\"Betreiber dieser Webseite thyme Studio Vertreten durch Dirk Friedrich Gartenstra\u00dfe 111, 41363 J\u00fcchen info&#8230;thyme&#8230;studio USt.-Nr.: beantragt Berufshaftpflichtversicherung Hiscox SA Niederlassung f\u00fcr Deutschland Arnulfstra\u00dfe 31, 80636 M\u00fcnchen Es besteht ein weltweiter Versicherungsschutz.\" \/>\n<meta property=\"og:url\" content=\"https:\/\/thyme.studio\/de\/impressum\/\" \/>\n<meta property=\"og:site_name\" content=\"thyme Studio\" \/>\n<meta property=\"article:modified_time\" content=\"2024-10-29T09:27:51+00:00\" \/>\n<meta name=\"twitter:card\" content=\"summary_large_image\" \/>\n<meta name=\"twitter:label1\" content=\"Gesch\u00e4tzte Lesezeit\" \/>\n\t<meta name=\"twitter:data1\" content=\"1\u00a0Minute\" \/>\n<script type=\"application\/ld+json\" class=\"yoast-schema-graph\">{\"@context\":\"https:\\\/\\\/schema.org\",\"@graph\":[{\"@type\":\"WebPage\",\"@id\":\"https:\\\/\\\/thyme.studio\\\/de\\\/impressum\\\/\",\"url\":\"https:\\\/\\\/thyme.studio\\\/de\\\/impressum\\\/\",\"name\":\"Impressum - thyme Studio\",\"isPartOf\":{\"@id\":\"https:\\\/\\\/thyme.studio\\\/de\\\/#website\"},\"datePublished\":\"2024-10-08T21:05:09+00:00\",\"dateModified\":\"2024-10-29T09:27:51+00:00\",\"breadcrumb\":{\"@id\":\"https:\\\/\\\/thyme.studio\\\/de\\\/impressum\\\/#breadcrumb\"},\"inLanguage\":\"de\",\"potentialAction\":[{\"@type\":\"ReadAction\",\"target\":[\"https:\\\/\\\/thyme.studio\\\/de\\\/impressum\\\/\"]}]},{\"@type\":\"BreadcrumbList\",\"@id\":\"https:\\\/\\\/thyme.studio\\\/de\\\/impressum\\\/#breadcrumb\",\"itemListElement\":[{\"@type\":\"ListItem\",\"position\":1,\"name\":\"Home\",\"item\":\"https:\\\/\\\/thyme.studio\\\/de\\\/\"},{\"@type\":\"ListItem\",\"position\":2,\"name\":\"Impressum\"}]},{\"@type\":\"WebSite\",\"@id\":\"https:\\\/\\\/thyme.studio\\\/de\\\/#website\",\"url\":\"https:\\\/\\\/thyme.studio\\\/de\\\/\",\"name\":\"thyme Studio\",\"description\":\"\",\"publisher\":{\"@id\":\"https:\\\/\\\/thyme.studio\\\/de\\\/#\\\/schema\\\/person\\\/1d9754038389e318d2a39eacf1afa379\"},\"potentialAction\":[{\"@type\":\"SearchAction\",\"target\":{\"@type\":\"EntryPoint\",\"urlTemplate\":\"https:\\\/\\\/thyme.studio\\\/de\\\/?s={search_term_string}\"},\"query-input\":{\"@type\":\"PropertyValueSpecification\",\"valueRequired\":true,\"valueName\":\"search_term_string\"}}],\"inLanguage\":\"de\"},{\"@type\":[\"Person\",\"Organization\"],\"@id\":\"https:\\\/\\\/thyme.studio\\\/de\\\/#\\\/schema\\\/person\\\/1d9754038389e318d2a39eacf1afa379\",\"name\":\"thyme.studio\",\"image\":{\"@type\":\"ImageObject\",\"inLanguage\":\"de\",\"@id\":\"https:\\\/\\\/thyme.studio\\\/wp-content\\\/uploads\\\/2024\\\/10\\\/favicon_s.jpg\",\"url\":\"https:\\\/\\\/thyme.studio\\\/wp-content\\\/uploads\\\/2024\\\/10\\\/favicon_s.jpg\",\"contentUrl\":\"https:\\\/\\\/thyme.studio\\\/wp-content\\\/uploads\\\/2024\\\/10\\\/favicon_s.jpg\",\"width\":512,\"height\":512,\"caption\":\"thyme.studio\"},\"logo\":{\"@id\":\"https:\\\/\\\/thyme.studio\\\/wp-content\\\/uploads\\\/2024\\\/10\\\/favicon_s.jpg\"},\"sameAs\":[\"https:\\\/\\\/thyme.studio\\\/\"]}]}<\/script>\n<!-- \/ Yoast SEO plugin. -->","yoast_head_json":{"title":"Impressum - thyme Studio","robots":{"index":"noindex","follow":"nofollow"},"og_locale":"de_DE","og_type":"article","og_title":"Impressum - thyme Studio","og_description":"Betreiber dieser Webseite thyme Studio Vertreten durch Dirk Friedrich Gartenstra\u00dfe 111, 41363 J\u00fcchen info&#8230;thyme&#8230;studio USt.-Nr.: beantragt Berufshaftpflichtversicherung Hiscox SA Niederlassung f\u00fcr Deutschland Arnulfstra\u00dfe 31, 80636 M\u00fcnchen Es besteht ein weltweiter Versicherungsschutz.","og_url":"https:\/\/thyme.studio\/de\/impressum\/","og_site_name":"thyme Studio","article_modified_time":"2024-10-29T09:27:51+00:00","twitter_card":"summary_large_image","twitter_misc":{"Gesch\u00e4tzte Lesezeit":"1\u00a0Minute"},"schema":{"@context":"https:\/\/schema.org","@graph":[{"@type":"WebPage","@id":"https:\/\/thyme.studio\/de\/impressum\/","url":"https:\/\/thyme.studio\/de\/impressum\/","name":"Impressum - thyme Studio","isPartOf":{"@id":"https:\/\/thyme.studio\/de\/#website"},"datePublished":"2024-10-08T21:05:09+00:00","dateModified":"2024-10-29T09:27:51+00:00","breadcrumb":{"@id":"https:\/\/thyme.studio\/de\/impressum\/#breadcrumb"},"inLanguage":"de","potentialAction":[{"@type":"ReadAction","target":["https:\/\/thyme.studio\/de\/impressum\/"]}]},{"@type":"BreadcrumbList","@id":"https:\/\/thyme.studio\/de\/impressum\/#breadcrumb","itemListElement":[{"@type":"ListItem","position":1,"name":"Home","item":"https:\/\/thyme.studio\/de\/"},{"@type":"ListItem","position":2,"name":"Impressum"}]},{"@type":"WebSite","@id":"https:\/\/thyme.studio\/de\/#website","url":"https:\/\/thyme.studio\/de\/","name":"thyme Studio","description":"","publisher":{"@id":"https:\/\/thyme.studio\/de\/#\/schema\/person\/1d9754038389e318d2a39eacf1afa379"},"potentialAction":[{"@type":"SearchAction","target":{"@type":"EntryPoint","urlTemplate":"https:\/\/thyme.studio\/de\/?s={search_term_string}"},"query-input":{"@type":"PropertyValueSpecification","valueRequired":true,"valueName":"search_term_string"}}],"inLanguage":"de"},{"@type":["Person","Organization"],"@id":"https:\/\/thyme.studio\/de\/#\/schema\/person\/1d9754038389e318d2a39eacf1afa379","name":"thyme.studio","image":{"@type":"ImageObject","inLanguage":"de","@id":"https:\/\/thyme.studio\/wp-content\/uploads\/2024\/10\/favicon_s.jpg","url":"https:\/\/thyme.studio\/wp-content\/uploads\/2024\/10\/favicon_s.jpg","contentUrl":"https:\/\/thyme.studio\/wp-content\/uploads\/2024\/10\/favicon_s.jpg","width":512,"height":512,"caption":"thyme.studio"},"logo":{"@id":"https:\/\/thyme.studio\/wp-content\/uploads\/2024\/10\/favicon_s.jpg"},"sameAs":["https:\/\/thyme.studio\/"]}]}},"acf":[],"_links":{"self":[{"href":"https:\/\/thyme.studio\/de\/wp-json\/wp\/v2\/pages\/49","targetHints":{"allow":["GET"]}}],"collection":[{"href":"https:\/\/thyme.studio\/de\/wp-json\/wp\/v2\/pages"}],"about":[{"href":"https:\/\/thyme.studio\/de\/wp-json\/wp\/v2\/types\/page"}],"author":[{"embeddable":true,"href":"https:\/\/thyme.studio\/de\/wp-json\/wp\/v2\/users\/1"}],"replies":[{"embeddable":true,"href":"https:\/\/thyme.studio\/de\/wp-json\/wp\/v2\/comments?post=49"}],"version-history":[{"count":1,"href":"https:\/\/thyme.studio\/de\/wp-json\/wp\/v2\/pages\/49\/revisions"}],"predecessor-version":[{"id":113,"href":"https:\/\/thyme.studio\/de\/wp-json\/wp\/v2\/pages\/49\/revisions\/113"}],"wp:attachment":[{"href":"https:\/\/thyme.studio\/de\/wp-json\/wp\/v2\/media?parent=49"}],"curies":[{"name":"wp","href":"https:\/\/api.w.org\/{rel}","templated":true}]}}